{"id":596,"date":"2023-11-09T06:44:36","date_gmt":"2023-11-09T06:44:36","guid":{"rendered":"http:\/\/soundplace.pl\/?page_id=596"},"modified":"2023-11-21T20:25:57","modified_gmt":"2023-11-21T20:25:57","slug":"koncerty","status":"publish","type":"page","link":"http:\/\/soundplace.pl\/index.php\/koncerty\/","title":{"rendered":"Koncerty"},"content":{"rendered":"\n<div style=\"height:25px\" aria-hidden=\"true\" class=\"wp-block-spacer\"><\/div>\n\n\n\n<div class=\"wp-block-columns is-layout-flex wp-container-core-columns-is-layout-9d6595d7 wp-block-columns-is-layout-flex\">\n<div class=\"wp-block-column is-vertically-aligned-center is-layout-flow wp-block-column-is-layout-flow\">\n<div class=\"wp-block-group is-nowrap is-layout-flex wp-container-core-group-is-layout-ad2f72ca wp-block-group-is-layout-flex\">\n<p class=\"has-vivid-red-color has-text-color has-large-font-size\">            <strong>Nag\u0142o\u015bnienie<\/strong><\/p>\n<\/div>\n<\/div>\n<\/div>\n\n\n\n<div class=\"wp-block-columns is-layout-flex wp-container-core-columns-is-layout-9d6595d7 wp-block-columns-is-layout-flex\">\n<div class=\"wp-block-column is-layout-flow wp-block-column-is-layout-flow\" style=\"flex-basis:33.33%\"><div class=\"wp-block-image\">\n<figure class=\"alignright size-large is-resized\"><img loading=\"lazy\" decoding=\"async\" width=\"1024\" height=\"1024\" src=\"http:\/\/soundplace.pl\/wp-content\/uploads\/2023\/11\/Kopia-\u2013-Projekt-bez-nazwy-1-1-1024x1024.png\" alt=\"\" class=\"wp-image-730\" style=\"aspect-ratio:1;width:210px;height:auto\" srcset=\"http:\/\/soundplace.pl\/wp-content\/uploads\/2023\/11\/Kopia-\u2013-Projekt-bez-nazwy-1-1-1024x1024.png 1024w, http:\/\/soundplace.pl\/wp-content\/uploads\/2023\/11\/Kopia-\u2013-Projekt-bez-nazwy-1-1-300x300.png 300w, http:\/\/soundplace.pl\/wp-content\/uploads\/2023\/11\/Kopia-\u2013-Projekt-bez-nazwy-1-1-150x150.png 150w, http:\/\/soundplace.pl\/wp-content\/uploads\/2023\/11\/Kopia-\u2013-Projekt-bez-nazwy-1-1-768x768.png 768w, http:\/\/soundplace.pl\/wp-content\/uploads\/2023\/11\/Kopia-\u2013-Projekt-bez-nazwy-1-1-75x75.png 75w, http:\/\/soundplace.pl\/wp-content\/uploads\/2023\/11\/Kopia-\u2013-Projekt-bez-nazwy-1-1.png 1080w\" sizes=\"auto, (max-width: 1024px) 100vw, 1024px\" \/><\/figure><\/div><\/div>\n\n\n\n<div class=\"wp-block-column is-vertically-aligned-center is-layout-flow wp-block-column-is-layout-flow\" style=\"flex-basis:66.66%\">\n<p class=\"has-black-color has-text-color has-medium-font-size\">Skorzystaj z naszej profesjonalnej techniki nag\u0142o\u015bnienia, kt\u00f3ra podkre\u015bli moc i energi\u0119 Waszej muzyki, tworz\u0105c niepowtarzaln\u0105 atmosfer\u0119.<\/p>\n\n\n\n<p class=\"has-black-color has-text-color has-medium-font-size\">Dzi\u0119ki naszemu nag\u0142o\u015bnieniu, brzmienie Waszego wydarzenia b\u0119dzie doskonale zbalansowane. Ka\u017cdy d\u017awi\u0119k b\u0119dzie dociera\u0142 do publiczno\u015bci z pe\u0142n\u0105 si\u0142\u0105 i intensywno\u015bci\u0105.<\/p>\n<\/div>\n<\/div>\n\n\n\n<div style=\"height:36px\" aria-hidden=\"true\" class=\"wp-block-spacer\"><\/div>\n\n\n\n<div class=\"wp-block-group is-nowrap is-layout-flex wp-container-core-group-is-layout-ad2f72ca wp-block-group-is-layout-flex\">\n<p class=\"has-vivid-red-color has-text-color has-large-font-size\">             <strong>O\u015bwietlenie<\/strong><\/p>\n<\/div>\n\n\n\n<div class=\"wp-block-columns is-layout-flex wp-container-core-columns-is-layout-9d6595d7 wp-block-columns-is-layout-flex\">\n<div class=\"wp-block-column is-layout-flow wp-block-column-is-layout-flow\" style=\"flex-basis:33.33%\"><div class=\"wp-block-image\">\n<figure class=\"alignright size-large is-resized\"><img loading=\"lazy\" decoding=\"async\" width=\"1024\" height=\"1024\" src=\"http:\/\/soundplace.pl\/wp-content\/uploads\/2023\/11\/Kopia-\u2013-Kopia-\u2013-Projekt-bez-nazwy-2-1024x1024.png\" alt=\"\" class=\"wp-image-760\" style=\"aspect-ratio:1;width:211px;height:auto\" srcset=\"http:\/\/soundplace.pl\/wp-content\/uploads\/2023\/11\/Kopia-\u2013-Kopia-\u2013-Projekt-bez-nazwy-2-1024x1024.png 1024w, http:\/\/soundplace.pl\/wp-content\/uploads\/2023\/11\/Kopia-\u2013-Kopia-\u2013-Projekt-bez-nazwy-2-300x300.png 300w, http:\/\/soundplace.pl\/wp-content\/uploads\/2023\/11\/Kopia-\u2013-Kopia-\u2013-Projekt-bez-nazwy-2-150x150.png 150w, http:\/\/soundplace.pl\/wp-content\/uploads\/2023\/11\/Kopia-\u2013-Kopia-\u2013-Projekt-bez-nazwy-2-768x768.png 768w, http:\/\/soundplace.pl\/wp-content\/uploads\/2023\/11\/Kopia-\u2013-Kopia-\u2013-Projekt-bez-nazwy-2-75x75.png 75w, http:\/\/soundplace.pl\/wp-content\/uploads\/2023\/11\/Kopia-\u2013-Kopia-\u2013-Projekt-bez-nazwy-2.png 1080w\" sizes=\"auto, (max-width: 1024px) 100vw, 1024px\" \/><\/figure><\/div><\/div>\n\n\n\n<div class=\"wp-block-column is-vertically-aligned-center is-layout-flow wp-block-column-is-layout-flow\" style=\"flex-basis:66.66%\">\n<p class=\"has-black-color has-text-color has-medium-font-size\">Nasza technika o\u015bwietlenia zapewni wspania\u0142e efekty wizualne, kt\u00f3re podkre\u015bl\u0105 emocje i dynamik\u0119 Waszego wyst\u0119pu. Kolorowe \u015bwiat\u0142a, efekty specjalne i perfekcyjne o\u015bwietlenie sceny sprawi\u0105, \u017ce Wasze wydarzenie b\u0119dzie prawdziwym spektaklem.<\/p>\n<\/div>\n<\/div>\n\n\n\n<div style=\"height:36px\" aria-hidden=\"true\" class=\"wp-block-spacer\"><\/div>\n\n\n\n<div class=\"wp-block-group is-nowrap is-layout-flex wp-container-core-group-is-layout-ad2f72ca wp-block-group-is-layout-flex\">\n<p class=\"has-text-align-center has-vivid-red-color has-text-color has-large-font-size\">             <strong>Koncerty<\/strong><\/p>\n<\/div>\n\n\n\n<div class=\"wp-block-columns is-layout-flex wp-container-core-columns-is-layout-9d6595d7 wp-block-columns-is-layout-flex\">\n<div class=\"wp-block-column is-layout-flow wp-block-column-is-layout-flow\" style=\"flex-basis:33.33%\"><div class=\"wp-block-image\">\n<figure class=\"alignright size-large is-resized\"><img loading=\"lazy\" decoding=\"async\" width=\"1024\" height=\"1024\" src=\"http:\/\/soundplace.pl\/wp-content\/uploads\/2023\/11\/Kopia-\u2013-Kopia-\u2013-Kopia-\u2013-Projekt-bez-nazwy-1-1024x1024.png\" alt=\"\" class=\"wp-image-732\" style=\"aspect-ratio:1;width:211px;height:auto\" srcset=\"http:\/\/soundplace.pl\/wp-content\/uploads\/2023\/11\/Kopia-\u2013-Kopia-\u2013-Kopia-\u2013-Projekt-bez-nazwy-1-1024x1024.png 1024w, http:\/\/soundplace.pl\/wp-content\/uploads\/2023\/11\/Kopia-\u2013-Kopia-\u2013-Kopia-\u2013-Projekt-bez-nazwy-1-300x300.png 300w, http:\/\/soundplace.pl\/wp-content\/uploads\/2023\/11\/Kopia-\u2013-Kopia-\u2013-Kopia-\u2013-Projekt-bez-nazwy-1-150x150.png 150w, http:\/\/soundplace.pl\/wp-content\/uploads\/2023\/11\/Kopia-\u2013-Kopia-\u2013-Kopia-\u2013-Projekt-bez-nazwy-1-768x768.png 768w, http:\/\/soundplace.pl\/wp-content\/uploads\/2023\/11\/Kopia-\u2013-Kopia-\u2013-Kopia-\u2013-Projekt-bez-nazwy-1-75x75.png 75w, http:\/\/soundplace.pl\/wp-content\/uploads\/2023\/11\/Kopia-\u2013-Kopia-\u2013-Kopia-\u2013-Projekt-bez-nazwy-1.png 1080w\" sizes=\"auto, (max-width: 1024px) 100vw, 1024px\" \/><\/figure><\/div><\/div>\n\n\n\n<div class=\"wp-block-column is-vertically-aligned-center is-layout-flow wp-block-column-is-layout-flow\" style=\"flex-basis:66.66%\">\n<p class=\"has-black-color has-text-color has-medium-font-size\">Soundplace Studio nagra\u0144 nie tylko oferuje wysokiej jako\u015bci us\u0142ugi nagraniowe, ale r\u00f3wnie\u017c posiada w\u0142asny zesp\u00f3\u0142 muzyczny, kt\u00f3ry jest dost\u0119pny na r\u00f3\u017cnego rodzaju imprezy. Zesp\u00f3\u0142 sk\u0142ada si\u0119 z utalentowanych muzyk\u00f3w, kt\u00f3rzy maj\u0105 wieloletnie do\u015bwiadczenie w wyst\u0119powaniu na \u017cywo. Bez wzgl\u0119du na to, czy planujecie prywatn\u0105 imprez\u0119, firmowy bankiet, \u015blub, czy inn\u0105 okazj\u0119, nasz zesp\u00f3\u0142 jest gotowy, by dostarczy\u0107 niezapomnian\u0105 rozrywk\u0119 i stworzy\u0107 idealn\u0105 atmosfer\u0119.<\/p>\n<\/div>\n<\/div>\n","protected":false},"excerpt":{"rendered":"<p>Nag\u0142o\u015bnienie Skorzystaj z naszej profesjonalnej techniki nag\u0142o\u015bnienia, kt\u00f3ra podkre\u015bli moc i energi\u0119 Waszej muzyki, tworz\u0105c niepowtarzaln\u0105 atmosfer\u0119. Dzi\u0119ki naszemu nag\u0142o\u015bnieniu, brzmienie Waszego wydarzenia b\u0119dzie doskonale&hellip; <\/p>\n","protected":false},"author":1,"featured_media":0,"parent":0,"menu_order":0,"comment_status":"closed","ping_status":"closed","template":"","meta":{"footnotes":""},"class_list":["post-596","page","type-page","status-publish","hentry"],"_links":{"self":[{"href":"http:\/\/soundplace.pl\/index.php\/wp-json\/wp\/v2\/pages\/596","targetHints":{"allow":["GET"]}}],"collection":[{"href":"http:\/\/soundplace.pl\/index.php\/wp-json\/wp\/v2\/pages"}],"about":[{"href":"http:\/\/soundplace.pl\/index.php\/wp-json\/wp\/v2\/types\/page"}],"author":[{"embeddable":true,"href":"http:\/\/soundplace.pl\/index.php\/wp-json\/wp\/v2\/users\/1"}],"replies":[{"embeddable":true,"href":"http:\/\/soundplace.pl\/index.php\/wp-json\/wp\/v2\/comments?post=596"}],"version-history":[{"count":40,"href":"http:\/\/soundplace.pl\/index.php\/wp-json\/wp\/v2\/pages\/596\/revisions"}],"predecessor-version":[{"id":823,"href":"http:\/\/soundplace.pl\/index.php\/wp-json\/wp\/v2\/pages\/596\/revisions\/823"}],"wp:attachment":[{"href":"http:\/\/soundplace.pl\/index.php\/wp-json\/wp\/v2\/media?parent=596"}],"curies":[{"name":"wp","href":"https:\/\/api.w.org\/{rel}","templated":true}]}}