{"id":593,"date":"2023-11-09T06:43:54","date_gmt":"2023-11-09T06:43:54","guid":{"rendered":"http:\/\/soundplace.pl\/?page_id=593"},"modified":"2023-11-21T20:22:51","modified_gmt":"2023-11-21T20:22:51","slug":"sesje-nagraniowe","status":"publish","type":"page","link":"http:\/\/soundplace.pl\/index.php\/sesje-nagraniowe\/","title":{"rendered":"Sesje nagraniowe"},"content":{"rendered":"\n<p class=\"has-medium-font-size\"><\/p>\n\n\n\n<div class=\"wp-block-columns is-layout-flex wp-container-core-columns-is-layout-9d6595d7 wp-block-columns-is-layout-flex\">\n<div class=\"wp-block-column is-layout-flow wp-block-column-is-layout-flow\">\n<figure class=\"wp-block-image size-large is-resized\"><img loading=\"lazy\" decoding=\"async\" width=\"1024\" height=\"1024\" src=\"http:\/\/soundplace.pl\/wp-content\/uploads\/2023\/11\/Kopia-\u2013-Projekt-bez-nazwy-1024x1024.png\" alt=\"\" class=\"wp-image-707\" style=\"aspect-ratio:1;width:389px;height:auto\" srcset=\"http:\/\/soundplace.pl\/wp-content\/uploads\/2023\/11\/Kopia-\u2013-Projekt-bez-nazwy-1024x1024.png 1024w, http:\/\/soundplace.pl\/wp-content\/uploads\/2023\/11\/Kopia-\u2013-Projekt-bez-nazwy-300x300.png 300w, http:\/\/soundplace.pl\/wp-content\/uploads\/2023\/11\/Kopia-\u2013-Projekt-bez-nazwy-150x150.png 150w, http:\/\/soundplace.pl\/wp-content\/uploads\/2023\/11\/Kopia-\u2013-Projekt-bez-nazwy-768x768.png 768w, http:\/\/soundplace.pl\/wp-content\/uploads\/2023\/11\/Kopia-\u2013-Projekt-bez-nazwy-75x75.png 75w, http:\/\/soundplace.pl\/wp-content\/uploads\/2023\/11\/Kopia-\u2013-Projekt-bez-nazwy.png 1080w\" sizes=\"auto, (max-width: 1024px) 100vw, 1024px\" \/><\/figure>\n<\/div>\n\n\n\n<div class=\"wp-block-column is-vertically-aligned-center is-layout-flow wp-block-column-is-layout-flow\">\n<p class=\"has-black-color has-text-color has-medium-font-size\">Je\u015bli marzycie o profesjonalnie nagranych utworach, pi\u0119knej jako\u015bci d\u017awi\u0119ku i kreatywnej atmosferze, to jeste\u015bcie we w\u0142a\u015bciwym miejscu. Nasze studio oferuje nie tylko wysokiej klasy sprz\u0119t i technologi\u0119, ale r\u00f3wnie\u017c do\u015bwiadczonego realizatora d\u017awi\u0119ku, kt\u00f3ry pomo\u017ce Wam osi\u0105gn\u0105\u0107 idealne brzmienie spe\u0142niaj\u0105ce Wasze oczekiwania. Nie wa\u017cne, czy jeste\u015bcie zespo\u0142em muzycznym, solowym artyst\u0105 gracie na \u017cywo czy \u015bpiewacie do podk\u0142adu &#8211; nasze studio jest otwarte dla wszystkich. Tutaj mo\u017cecie zrealizowa\u0107 swoje muzyczne wizje i przekszta\u0142ci\u0107 je w profesjonalne nagrania, kt\u00f3re z pewno\u015bci\u0105 zachwyc\u0105 Wasz\u0105 publiczno\u015b\u0107. Nasze studio daje Wam r\u00f3wnie\u017c pe\u0142n\u0105 swobod\u0119 tw\u00f3rcz\u0105. Mo\u017cecie eksperymentowa\u0107, dodawa\u0107 efekty, zmienia\u0107 aran\u017cacje &#8211; wszystko to, aby\u015bcie byli zadowoleni z ostatecznego rezultatu.<\/p>\n<\/div>\n<\/div>\n\n\n\n<div style=\"height:70px\" aria-hidden=\"true\" class=\"wp-block-spacer\"><\/div>\n\n\n\n<div style=\"height:46px\" aria-hidden=\"true\" class=\"wp-block-spacer\"><\/div>\n\n\n\n<div class=\"wp-block-columns is-layout-flex wp-container-core-columns-is-layout-9d6595d7 wp-block-columns-is-layout-flex\">\n<div class=\"wp-block-column is-layout-flow wp-block-column-is-layout-flow\" style=\"flex-basis:33.33%\"><\/div>\n\n\n\n<div class=\"wp-block-column is-layout-flow wp-block-column-is-layout-flow\" style=\"flex-basis:66.66%\"><\/div>\n<\/div>\n","protected":false},"excerpt":{"rendered":"<p>Je\u015bli marzycie o profesjonalnie nagranych utworach, pi\u0119knej jako\u015bci d\u017awi\u0119ku i kreatywnej atmosferze, to jeste\u015bcie we w\u0142a\u015bciwym miejscu. Nasze studio oferuje nie tylko wysokiej klasy sprz\u0119t&hellip; <\/p>\n","protected":false},"author":1,"featured_media":0,"parent":0,"menu_order":0,"comment_status":"closed","ping_status":"closed","template":"","meta":{"footnotes":""},"class_list":["post-593","page","type-page","status-publish","hentry"],"_links":{"self":[{"href":"http:\/\/soundplace.pl\/index.php\/wp-json\/wp\/v2\/pages\/593","targetHints":{"allow":["GET"]}}],"collection":[{"href":"http:\/\/soundplace.pl\/index.php\/wp-json\/wp\/v2\/pages"}],"about":[{"href":"http:\/\/soundplace.pl\/index.php\/wp-json\/wp\/v2\/types\/page"}],"author":[{"embeddable":true,"href":"http:\/\/soundplace.pl\/index.php\/wp-json\/wp\/v2\/users\/1"}],"replies":[{"embeddable":true,"href":"http:\/\/soundplace.pl\/index.php\/wp-json\/wp\/v2\/comments?post=593"}],"version-history":[{"count":19,"href":"http:\/\/soundplace.pl\/index.php\/wp-json\/wp\/v2\/pages\/593\/revisions"}],"predecessor-version":[{"id":818,"href":"http:\/\/soundplace.pl\/index.php\/wp-json\/wp\/v2\/pages\/593\/revisions\/818"}],"wp:attachment":[{"href":"http:\/\/soundplace.pl\/index.php\/wp-json\/wp\/v2\/media?parent=593"}],"curies":[{"name":"wp","href":"https:\/\/api.w.org\/{rel}","templated":true}]}}